 {"id":35309,"date":"2018-02-18T21:37:29","date_gmt":"2018-02-18T18:37:29","guid":{"rendered":"https:\/\/perfectvenue.com.mx\/%d0%b2%d1%8b-%d0%b2%d0%bb%d0%b0%d0%b4%d0%b5%d0%bb%d0%b5%d1%86-%d1%8d%d0%ba%d1%81%d0%ba%d0%bb%d1%8e%d0%b7%d0%b8%d0%b2%d0%bd%d0%be%d0%b9-%d0%bf%d0%bb%d0%be%d1%89%d0%b0%d0%b4%d0%ba%d0%b8\/"},"modified":"2018-02-18T21:37:29","modified_gmt":"2018-02-18T18:37:29","slug":"%d0%b2%d1%8b-%d0%b2%d0%bb%d0%b0%d0%b4%d0%b5%d0%bb%d0%b5%d1%86-%d1%8d%d0%ba%d1%81%d0%ba%d0%bb%d1%8e%d0%b7%d0%b8%d0%b2%d0%bd%d0%be%d0%b9-%d0%bf%d0%bb%d0%be%d1%89%d0%b0%d0%b4%d0%ba%d0%b8","status":"publish","type":"page","link":"https:\/\/perfectvenue.com.mx\/ru\/%d0%b2%d1%8b-%d0%b2%d0%bb%d0%b0%d0%b4%d0%b5%d0%bb%d0%b5%d1%86-%d1%8d%d0%ba%d1%81%d0%ba%d0%bb%d1%8e%d0%b7%d0%b8%d0%b2%d0%bd%d0%be%d0%b9-%d0%bf%d0%bb%d0%be%d1%89%d0%b0%d0%b4%d0%ba%d0%b8\/","title":{"rendered":"\u0412\u044b \u0432\u043b\u0430\u0434\u0435\u043b\u0435\u0446 \u044d\u043a\u0441\u043a\u043b\u044e\u0437\u0438\u0432\u043d\u043e\u0439 \u043f\u043b\u043e\u0449\u0430\u0434\u043a\u0438?"},"content":{"rendered":"<h1 class=\"TitleFont\">\u0412\u044b \u0432\u043b\u0430\u0434\u0435\u043b\u0435\u0446 \u044d\u043a\u0441\u043a\u043b\u044e\u0437\u0438\u0432\u043d\u043e\u0439 \u043f\u043b\u043e\u0449\u0430\u0434\u043a\u0438?<\/h1>\n<p><!--more--><\/p>\n","protected":false},"excerpt":{"rendered":"<p>En Perfect Venue nuestro objetivo es dar a conocer los espacios m\u00e1s exclusivos para bodas y eventos en Espa\u00f1a, colaborando con las empresas propietarias para proporcionar la m\u00e1s completa informaci\u00f3n multi-idioma sobre sus espacios a nuestros clientes de Europa, Rusia y USA.<\/p>\n","protected":false},"author":56,"featured_media":0,"parent":0,"menu_order":0,"comment_status":"closed","ping_status":"closed","template":"","meta":{"footnotes":""},"class_list":["post-35309","page","type-page","status-publish","hentry"],"_links":{"self":[{"href":"https:\/\/perfectvenue.com.mx\/ru\/wp-json\/wp\/v2\/pages\/35309","targetHints":{"allow":["GET"]}}],"collection":[{"href":"https:\/\/perfectvenue.com.mx\/ru\/wp-json\/wp\/v2\/pages"}],"about":[{"href":"https:\/\/perfectvenue.com.mx\/ru\/wp-json\/wp\/v2\/types\/page"}],"author":[{"embeddable":true,"href":"https:\/\/perfectvenue.com.mx\/ru\/wp-json\/wp\/v2\/users\/56"}],"replies":[{"embeddable":true,"href":"https:\/\/perfectvenue.com.mx\/ru\/wp-json\/wp\/v2\/comments?post=35309"}],"version-history":[{"count":0,"href":"https:\/\/perfectvenue.com.mx\/ru\/wp-json\/wp\/v2\/pages\/35309\/revisions"}],"wp:attachment":[{"href":"https:\/\/perfectvenue.com.mx\/ru\/wp-json\/wp\/v2\/media?parent=35309"}],"curies":[{"name":"wp","href":"https:\/\/api.w.org\/{rel}","templated":true}]}}