 {"id":35308,"date":"2018-02-18T21:37:29","date_gmt":"2018-02-18T18:37:29","guid":{"rendered":"https:\/\/perfectvenue.com.mx\/por-que-anadir-tu-venue-a-nuestro-directorio\/"},"modified":"2018-02-18T21:37:29","modified_gmt":"2018-02-18T18:37:29","slug":"por-que-anadir-tu-venue-a-nuestro-directorio","status":"publish","type":"page","link":"https:\/\/perfectvenue.com.mx\/es\/por-que-anadir-tu-venue-a-nuestro-directorio\/","title":{"rendered":"\u00bfPor qu\u00e9 a\u00f1adir tu venue a nuestro directorio?"},"content":{"rendered":"<p style=\"text-align: justify;\">En Perfect Venue nuestro objetivo es dar a conocer los espacios m\u00e1s exclusivos para bodas y eventos en Espa\u00f1a, colaborando con las empresas propietarias para proporcionar la m\u00e1s completa informaci\u00f3n multi-idioma sobre sus espacios a nuestros clientes de Europa, Rusia y USA.<\/p>\n<h2 class=\"TitleFont\" style=\"text-align: justify;\">\u00bfPor qu\u00e9 a\u00f1adir tu venue a nuestro directorio?<\/h2>\n<h3 style=\"text-align: justify;\"><\/h3>\n<h3 style=\"text-align: justify;\">Exclusividad<\/h3>\n<p style=\"text-align: justify;\">Elegimos nuestros espacios en funci\u00f3n de unos s\u00f3lidos criterios de calidad y exclusividad, para ofrecer a nuestros clientes la mejor selecci\u00f3n. En nuestro directorio encontrar\u00e1n espacios \u00fanicos de 4 y 5 estrellas.<\/p>\n<h3>Comodidad<\/h3>\n<p>Nosotros nos encargamos de elaborar una ficha completa de tu venue con toda la informaci\u00f3n necesaria para que nuestros clientes conozcan as\u00ed todos los detalles que les har\u00e1n decantarse por tu espacio para celebrar su evento.<\/p>\n<h3 style=\"text-align: justify;\">Nuevos mercados<\/h3>\n<p style=\"text-align: justify;\">Contamos con clientes en Rusia, Europa y USA a los que les proporcionamos la informaci\u00f3n sobre tu venue para que puedan reservarlo de manera c\u00f3moda y f\u00e1cil. Colaboramos con los principales medios en estos pa\u00edses para aumentar tu visibilidad en el extranjero.<\/p>\n<h3 style=\"text-align: justify;\">Equipo nativo<\/h3>\n<div>Contamos con un especializado equipo de wedding planners nativos que ayudar\u00e1n a tus clientes en su idioma natal, para evitar malentendidos entre el cliente y el espacio debidos al idioma y las diferencias culturales.<\/div>\n<h3 style=\"text-align: justify;\">Clientes en temporada baja y entre semana<\/h3>\n<p style=\"text-align: justify;\">Si incluyes tu venue en el exclusivo directorio de Perfect Venue, ampliar\u00e1s tu rango de clientes y visibilidad de tu espacio. Adem\u00e1s, te ayudaremos a aumentar las reservas en temporada baja y entre semana para tener completo tu venue todos los d\u00edas del a\u00f1o.<\/p>\n<h3 style=\"text-align: justify;\">Servicio de calidad<\/h3>\n<p style=\"text-align: justify;\">Uno de nuestros pilares fundamentales es ofrecer un servicio de excepci\u00f3n a nuestros clientes. Para ello, asesoramos gratuita y personalmente a todos nuestros clientes, proporcion\u00e1ndoles el mejor trato posible para encontrar el espacio donde celebrar el evento de sus sue\u00f1os.<\/p>\n<h3 style=\"text-align: justify;\">Diferenciaci\u00f3n<\/h3>\n<p style=\"text-align: justify;\">Perfect Venue no es s\u00f3lo un portal m\u00e1s de espacios para bodas y eventos, sino que va m\u00e1s all\u00e1. Tenemos acceso real a un amplio mercado de clientes, tanto nacional como internacional, que conf\u00edan en nosotros para asesorarles en su gran d\u00eda.<\/p>\n<p>&nbsp;<\/p>\n<p>Escr\u00edbenos a <a href=\"mailto:info@perfectvenue.es\">info@perfectvenue.es<\/a>\u00a0para que juntos comencemos a elaborar tu campa\u00f1a publicitaria.<\/p>\n<p style=\"text-align: justify;\">\n","protected":false},"excerpt":{"rendered":"<p>En Perfect Venue nuestro objetivo es dar a conocer los espacios m\u00e1s exclusivos para bodas y eventos en Espa\u00f1a, colaborando con las empresas propietarias para proporcionar la m\u00e1s completa informaci\u00f3n multi-idioma sobre sus espacios a nuestros clientes de Europa, Rusia y USA.<\/p>\n","protected":false},"author":56,"featured_media":0,"parent":0,"menu_order":0,"comment_status":"closed","ping_status":"closed","template":"","meta":{"footnotes":""},"class_list":["post-35308","page","type-page","status-publish","hentry"],"_links":{"self":[{"href":"https:\/\/perfectvenue.com.mx\/es\/wp-json\/wp\/v2\/pages\/35308","targetHints":{"allow":["GET"]}}],"collection":[{"href":"https:\/\/perfectvenue.com.mx\/es\/wp-json\/wp\/v2\/pages"}],"about":[{"href":"https:\/\/perfectvenue.com.mx\/es\/wp-json\/wp\/v2\/types\/page"}],"author":[{"embeddable":true,"href":"https:\/\/perfectvenue.com.mx\/es\/wp-json\/wp\/v2\/users\/56"}],"replies":[{"embeddable":true,"href":"https:\/\/perfectvenue.com.mx\/es\/wp-json\/wp\/v2\/comments?post=35308"}],"version-history":[{"count":0,"href":"https:\/\/perfectvenue.com.mx\/es\/wp-json\/wp\/v2\/pages\/35308\/revisions"}],"wp:attachment":[{"href":"https:\/\/perfectvenue.com.mx\/es\/wp-json\/wp\/v2\/media?parent=35308"}],"curies":[{"name":"wp","href":"https:\/\/api.w.org\/{rel}","templated":true}]}}