 {"id":35305,"date":"2017-07-19T08:36:32","date_gmt":"2017-07-19T05:36:32","guid":{"rendered":"https:\/\/perfectvenue.com.mx\/submissions\/"},"modified":"2017-07-19T08:36:32","modified_gmt":"2017-07-19T05:36:32","slug":"submissions","status":"publish","type":"page","link":"https:\/\/perfectvenue.com.mx\/es\/submissions\/","title":{"rendered":"SUBMISSIONS"},"content":{"rendered":"<p><span style=\"font-weight: 400;\">Perfect Venue &#8211; es primer buscador de espacios <\/span><b>\u00fanicos<\/b><span style=\"font-weight: 400;\"> para la celebraci\u00f3n de bodas y eventos exclusivos en Espa\u00f1a. Nos <\/span><b>especilizamos<\/b><span style=\"font-weight: 400;\"> en los clientes extranjeros, desde Europa, USA y Rusia.<\/span><\/p>\n<p><span style=\"font-weight: 400;\">N<\/span><span style=\"font-weight: 400;\">os encanta recibir mails, con fotos de bodas, prebodas, videos, y sesiones de fotos en los espacios <\/span><b>\u00fa<\/b><span style=\"font-weight: 400;\">nicos de Espa\u00f1a. Estas fotos sirven de inspiraci\u00f3n a futuros novios. As\u00ed que ser\u00e1 un placer recibir vuestras sesiones y promocionar o dar a conocer vuestro trabajo.<\/span><\/p>\n<p>&nbsp;<\/p>\n<p><span style=\"font-weight: 400;\">Si eres profesional del sector, fot\u00f3grafo, wedding planner, videografo&#8230; etc o sois los novios y quer\u00e9is ver publicado vuestro trabajo\/boda en Perfect Venue, pod<\/span><b>\u00e9<\/b><span style=\"font-weight: 400;\">is enviarnos fotos con descripci\u00f3n al email: <\/span><a href=\"mailto:info@perfectvenue.es\"><span style=\"font-weight: 400;\">info@perfectvenue.es<\/span><\/a><\/p>\n<p><b>Si quer<\/b><b>\u00e9<\/b><b>is que publicamos vuestros fotos, tener en cuenta:<\/b><b>CONDICIONES PRINCIPALES PARA PUBLICACI\u00d3N<\/b><\/p>\n<p><span style=\"font-weight: 400;\">* \u00a0Solo aceptamos trabajo\/boda que se ha sido celebrado en uno de los espacios que tenemos en nuestro directorio.<\/span><\/p>\n<p><span style=\"font-weight: 400;\">* \u00a0Enviar 25-100 fotos de tama\u00f1o 750 pixeles via Dropbox.<\/span><\/p>\n<p><span style=\"font-weight: 400;\">* En el correo poner una descripcion de como ha sido preparacion de boda, porque han elegido este espacio para casarse, etc.<\/span><\/p>\n<p><span style=\"font-weight: 400;\">* <\/span><span style=\"font-weight: 400;\">Importante:<\/span><span style=\"font-weight: 400;\"> Antes de enviar cualquier imagen, aseg\u00farate que tienes el consentimiento de las personas implicadas, es decir, los novios. M\u00e1s que nada que a veces hay menores, e invitados que no les apetece salir publicados.<\/span><\/p>\n<p><span style=\"font-weight: 400;\">* En el correo poner todos los provedores (fotografo, florista, decoradora, organizadora, etc con su nombre, <\/span><b>p\u00e1gina<\/b><span style=\"font-weight: 400;\"> web y link a Instagram).<\/span><\/p>\n<p><span style=\"font-weight: 400;\">Muchas gracias por tu inter\u00e9s en Perfect Venue. <\/span><\/p>\n<p>&nbsp;<\/p>\n<p><b>Esperamos tu boda, preboda, postboda, editorial, \u00a0sesi\u00f3n inspiraci\u00f3n o v\u00eddeo <\/b><\/p>\n<p><b>Escr\u00edbenos a \u00a0<\/b><a href=\"mailto:info@perfectvenue.es\"><b>info@perfectvenue.es<\/b><\/a><\/p>\n","protected":false},"excerpt":{"rendered":"<p>Perfect Venue &#8211; es primer buscador de espacios \u00fanicos para la celebraci\u00f3n de bodas y eventos exclusivos en Espa\u00f1a. Nos especilizamos en los clientes extranjeros, desde Europa, USA y Rusia. Nos encanta recibir mails, con fotos de bodas, prebodas, videos, y sesiones de fotos en los espacios \u00fanicos de Espa\u00f1a. Estas fotos sirven de inspiraci\u00f3n [&hellip;]<\/p>\n","protected":false},"author":1,"featured_media":0,"parent":0,"menu_order":0,"comment_status":"closed","ping_status":"closed","template":"","meta":{"footnotes":""},"class_list":["post-35305","page","type-page","status-publish","hentry"],"_links":{"self":[{"href":"https:\/\/perfectvenue.com.mx\/es\/wp-json\/wp\/v2\/pages\/35305","targetHints":{"allow":["GET"]}}],"collection":[{"href":"https:\/\/perfectvenue.com.mx\/es\/wp-json\/wp\/v2\/pages"}],"about":[{"href":"https:\/\/perfectvenue.com.mx\/es\/wp-json\/wp\/v2\/types\/page"}],"author":[{"embeddable":true,"href":"https:\/\/perfectvenue.com.mx\/es\/wp-json\/wp\/v2\/users\/1"}],"replies":[{"embeddable":true,"href":"https:\/\/perfectvenue.com.mx\/es\/wp-json\/wp\/v2\/comments?post=35305"}],"version-history":[{"count":0,"href":"https:\/\/perfectvenue.com.mx\/es\/wp-json\/wp\/v2\/pages\/35305\/revisions"}],"wp:attachment":[{"href":"https:\/\/perfectvenue.com.mx\/es\/wp-json\/wp\/v2\/media?parent=35305"}],"curies":[{"name":"wp","href":"https:\/\/api.w.org\/{rel}","templated":true}]}}