 {"id":35298,"date":"2017-04-18T08:18:29","date_gmt":"2017-04-18T05:18:29","guid":{"rendered":"https:\/\/perfectvenue.com.mx\/terminos-y-condiciones\/"},"modified":"2017-04-18T08:18:29","modified_gmt":"2017-04-18T05:18:29","slug":"terminos-y-condiciones","status":"publish","type":"page","link":"https:\/\/perfectvenue.com.mx\/es\/terminos-y-condiciones\/","title":{"rendered":"T\u00c9RMINOS Y CONDICIONES"},"content":{"rendered":"<h3 class=\"mt40\"><a name=\"1\"><\/a>1. INFORMACI\u00d3N LEGAL<\/h3>\n<ul>\n<li class=\"strong\">PVF Ventures SL<\/li>\n<li class=\"strong\">Titular del sitio web PerfectVenue.es<\/li>\n<li>Calle de Terul, 3.<\/li>\n<li>28231 Las Rozas de Madrid (Madrid), Espa\u00f1a<\/li>\n<li>Tel\u00e9fono: (+34) 91273282<\/li>\n<li>Email: i<a href=\"mailto:nfo@perfectvenue.es\">nfo@perfectvenue.es<\/a><\/li>\n<li>N.I.F.: B-87874384<\/li>\n<\/ul>\n<h3><a name=\"2\"><\/a>2. OBJETO<\/h3>\n<p style=\"text-align: justify;\">Este Aviso Legal regula la utilizaci\u00f3n de dicho dominio.<\/p>\n<p style=\"text-align: justify;\">A los efectos del presente Aviso Legal, el usuario es la persona que accede al sitio web y\/o que remite una solicitud o complete un formulario o proceso de registro en el sitio web (en adelante, el \u201cUsuario\u201d)<\/p>\n<p style=\"text-align: justify;\">La utilizaci\u00f3n de este sitio web implica la aceptaci\u00f3n por parte del Usuario de las condiciones de utilizaci\u00f3n del presente Aviso Legal. En el caso de que ciertos servicios contenidos y\/o herramientas ofrecidos a trav\u00e9s de este Sitio Web requirieran de la aplicaci\u00f3n de condiciones particulares, estas se pondr\u00e1n a disposici\u00f3n del Usuario. El Titular se reserva el derecho a limitar el acceso para determinados contenidos o servicios del Sitio Web.<\/p>\n<p style=\"text-align: justify;\">Por otra parte, PerfectVenue.es advierte que, tanto los contenidos y servicios de este Sitio Web como las propias condiciones de utilizaci\u00f3n, pueden ser modificados sin notificaci\u00f3n previa al Usuario.<\/p>\n<h3><a name=\"2\"><\/a>3. CONDICIONES DE USO<\/h3>\n<p style=\"text-align: justify;\">El Usuario se compromete a que, en los apartados en que sea necesario que se registre para poder acceder a los mismos, facilitar datos veraces, exactos y completos sobre su identidad. Adem\u00e1s, se compromete a mantener actualizados los datos personales que pudieran ser proporcionados a PerfectVenue.es por lo tanto, el Usuario ser\u00e1 el \u00fanico responsable de las falsedades o inexactitudes que realice.<\/p>\n<p style=\"text-align: justify;\">Se informa que en caso de ser menor de edad deber\u00e1 obtener el permiso de sus padres, tutores o representantes legales para poder acceder a los servicios prestados. PerfectVenue.es no se responsabiliza de la inexactitud o falsedad de los datos proporcionados.<\/p>\n<p style=\"text-align: justify;\">El Usuario se obliga a hacer un uso l\u00edcito y honesto del portal y conforme a lo establecido en el presente aviso legal, a no utilizar los servicios del \u201cportal\u201d para la realizaci\u00f3n de actividades contrarias a las legislaci\u00f3n espa\u00f1ola, a la moral y al orden p\u00fablico, asumiendo por parte del Usuario todas las responsabilidades de da\u00f1os y perjuicios frente a PerfectVenue.es o terceros que pudieran derivarse de pr\u00e1cticas ilegales o no permitidas entres otras y a t\u00edtulo enunciativo y no limitativo:<\/p>\n<ol>\n<li style=\"text-align: justify;\">Realizar sin previo consentimiento por parte del PerfectVenue.es cualquier manipulaci\u00f3n o alteraci\u00f3n de este Sitio Web, no asumiendo PerfectVenue.es ninguna responsabilidad que pudiera derivarse, de dicha manipulaci\u00f3n o alteraci\u00f3n por terceros.<\/li>\n<li style=\"text-align: justify;\">Realizar cualquier acto que pueda da\u00f1ar, inutilizar, sobrecargar, o deteriorar el Portal y los servicios y\/o impedir el normal uso y utilizaci\u00f3n por parte de los Usuarios.<\/li>\n<li style=\"text-align: justify;\">Introducir y\/o utilizar programas de ordenador, datos, archivos defectuosos, virus, c\u00f3digo malicioso, equipos inform\u00e1ticos o de telecomunicaciones o cualquier otro, independientemente de su naturaleza que pueda causar da\u00f1os en el Portal, en cualquiera de los servicios, o en cualesquiera activos (f\u00edsicos o l\u00f3gicos) de los sistemas de informaci\u00f3n de titular del dominio.<\/li>\n<li style=\"text-align: justify;\">Publicar o recopilar comunicaciones comerciales a trav\u00e9s del Sitio Web, o contenido o informaci\u00f3n de otros usuarios.<\/li>\n<li style=\"text-align: justify;\">Realizar actos il\u00edcitos, enga\u00f1osos, malintencionados o discriminatorios en el Sitio Web, de acuerdo a este aviso legal y al ordenamiento jur\u00eddico espa\u00f1ol.<\/li>\n<li style=\"text-align: justify;\">Violar los derechos de terceros relativos a su intimidad, la propia imagen, la protecci\u00f3n de datos, el secreto en las comunicaciones, a la propiedad intelectual e industrial.<\/li>\n<li style=\"text-align: justify;\">Ocultar y falsear el origen de mensajes de correo electr\u00f3nico.<\/li>\n<li style=\"text-align: justify;\">Utilizar identidades falsas, suplantar la identidad de otros en la utilizaci\u00f3n del Portal o en la utilizaci\u00f3n de cualquiera de los servicios.<\/li>\n<li style=\"text-align: justify;\">Reproducir, distribuir, modificar o copiar el contenido de este Sitio Web, salvo que de disponga de la autorizaci\u00f3n de PerfectVenue.es o est\u00e9 legalmente autorizado.<\/li>\n<li style=\"text-align: justify;\">Transmitir a terceros no autorizados los nombres de Usuario y las claves de acceso.<\/li>\n<\/ol>\n<h3>a. Enlaces<\/h3>\n<p style=\"text-align: justify;\">PerfectVenue.es no responde de los Enlaces (LINKS) a otras p\u00e1ginas de Internet de terceros y su existencia no implica que PerfectVenue.es apruebe o acepte sus contenidos y servicios. Estas otras p\u00e1ginas web no est\u00e1n controladas por PerfectVenue.es ni cubiertas por el presente Aviso Legal ni por la Pol\u00edtica de Privacidad y PerfectVenue.es no asume ning\u00fan tipo de responsabilidad por la informaci\u00f3n contenida en ellas. La presencia de enlaces o links tiene una finalidad meramente informativa y en ning\u00fan caso supone sugerencia, invitaci\u00f3n o recomendaci\u00f3n sobre los mismos ni implica ning\u00fan tipo de asociaci\u00f3n, fusi\u00f3n o participaci\u00f3n con las entidades conectadas<\/p>\n<p style=\"text-align: justify;\">Si accede a otras p\u00e1ginas web utilizando los enlaces proporcionados, los operadores de dichos sitios web podr\u00e1n recoger su informaci\u00f3n personal. Aseg\u00farese de que est\u00e1 conforme con las pol\u00edticas de privacidad de estas p\u00e1ginas web, propiedad de terceros, antes de facilitar ning\u00fan tipo de informaci\u00f3n personal.<\/p>\n<h3>b. Contenido y Condiciones de Uso<\/h3>\n<p style=\"text-align: justify;\">Los contenidos incluidos en este Sitio Web se facilitan \u00fanicamente a Usuarios. Cualquier uso no autorizado queda prohibido salvo que se cuente con la previa autorizaci\u00f3n escrita de PerfectVenue.es.<\/p>\n<p style=\"text-align: justify;\">PerfectVenue.es se reserva el derecho a interrumpir el acceso a toda o a parte del Sitio Web en cualquier momento y sin previo aviso, ya sea por motivos t\u00e9cnicos, de seguridad, do control, de mantenimiento, por fallos de suministro el\u00e9ctrico o por cualquier otra causa. En consecuencia, no se garantiza la disponibilidad ni la continuidad del Sitio web ni de los contenidos.<\/p>\n<p style=\"text-align: justify;\">PerfectVenue.es no ser\u00e1 responsable en caso de que existan interrupciones del servicio, demoras, errores, mal funcionamiento del mismo y, en general, dem\u00e1s inconvenientes que tengan su origen en causas que escapan su control.<\/p>\n<p style=\"text-align: justify;\">PerfectVenue.es no se responsabiliza, en ning\u00fan caso, de los da\u00f1os y perjuicios de cualquier naturaleza que pudieran ocasionar la falta de disponibilidad del portal, la transmisi\u00f3n de virus o programas maliciosos o lesivos en los contenidos, a pesar de haber adoptado todas las medidas tecnol\u00f3gicas para evitarlo, o del mal uso que se realice de ellos, siendo exclusiva responsabilidad de la persona que accede a ellos o los utilice.<\/p>\n<h3>c. Propiedad intelectual<\/h3>\n<p style=\"text-align: justify;\">Esta Sitio Web y todos sus contenidos, incluyendo textos, im\u00e1genes, gr\u00e1ficos, programaci\u00f3n, fotograf\u00edas, logos, ilustraciones, dise\u00f1o y c\u00f3digo fuente, est\u00e1n protegidos por derechos de propiedad intelectual e industrial.<\/p>\n<p style=\"text-align: justify;\">Queda prohibida, por tanto, su copia, reproducci\u00f3n, distribuci\u00f3n, comunicaci\u00f3n p\u00fablica y transformaci\u00f3n. Todos los derechos est\u00e1n reservados y los nombres comerciales, marcas o signos distintivos contenidos en ella est\u00e1n protegidos por la ley.<\/p>\n<p style=\"text-align: justify;\">PerfectVenue.es no concede ning\u00fan tipo de autorizaci\u00f3n de uso ni licencia al Usuario sobre los derechos de propiedad intelectual e industrial contenidos en el Sitio Web. El Usuario \u00fanicamente podr\u00e1 hacer uso del material en la forma en que se lo autorice expresamente PerfectVenue.es o quienes le otorgaron licencia para su uso.<\/p>\n<p style=\"text-align: justify;\">El Usuario se compromete a no realizar ning\u00fan acto en contra de los derechos de propiedad intelectual o industrial del autor.<\/p>\n<p style=\"text-align: justify;\">Asimismo, todos los signos distintivos que aparecen en el Sitio Web son titularidad de PerfectVenue.es , y se encuentran debidamente registrados, quedando prohibida su reproducci\u00f3n o distribuci\u00f3n bajo ning\u00fan medio, sin la debida, previa y expresa autorizaci\u00f3n de su titular PerfectVenue.es que se reserva el derecho a modificar unilateralmente la presentaci\u00f3n y configuraci\u00f3n del Sitio Web, los contenidos e informaciones.<\/p>\n<h3>d. Intercambio o difusi\u00f3n de informaci\u00f3n<\/h3>\n<p style=\"text-align: justify;\">El Titular declina toda responsabilidad sobre los comentarios u opiniones vertidas por el Usuario a trav\u00e9s del Sitio Web o del intercambio de informaci\u00f3n entre los usuarios a trav\u00e9s de ella, siendo la responsabilidad de las manifestaciones difundidas de quienes las realizan. No obstante, dichos comentarios o manifestaciones de los usuarios deben cumplir con lo se\u00f1alado en el presente Aviso Legal.<\/p>\n<p style=\"text-align: justify;\">El contenido de las entradas o blogs de los colaboradores de PerfectVenue.es que se incluyen en el Sitio Web no es responsabilidad del Titular, a no ser en aquellos supuestos que venga obligado por alguna disposici\u00f3n legal, por lo que cualquier error, irregularidad y\/o infracci\u00f3n es responsabilidad del colaborador, que igualmente debe quedar sujeto al presente Aviso Legal y garantiza disponer de todos los derechos o autorizaciones de uso relativos a la propiedad intelectual e industrial.<\/p>\n<p style=\"text-align: justify;\">PerfectVenue.es queda facultada para eliminar cualquier comentario, opini\u00f3n, manifestaci\u00f3n o contenido que el Usuario o colaborador alojados en el Sitio Web.<\/p>\n<h3>e. Comunicaciones por escrito<\/h3>\n<p style=\"text-align: justify;\">La normativa aplicable exige que parte de la informaci\u00f3n o comunicaciones que se le env\u00eden sean por escrito. El Usuario del Sitio Web, acepta que la mayor parte de dichas comunicaciones sean electr\u00f3nicas, a trav\u00e9s del contacto directo por correo electr\u00f3nico o facilit\u00e1ndo la informaci\u00f3n mediante avisos en el Sitio Web. A efectos contractuales, el Usuario consiente usar este medio electr\u00f3nico de comunicaci\u00f3n y reconoce que todo contrato, notificaci\u00f3n, informaci\u00f3n y dem\u00e1s comunicaciones que se le env\u00ede de forma electr\u00f3nica cumplen con los requisitos legales de ser por escrito. Esta condici\u00f3n no afectar\u00e1 a los derechos reconocidos por ley.<\/p>\n<h3>f. Comentarios, Sugerencias, Quejas y Reclamaciones<\/h3>\n<p style=\"text-align: justify;\">Los comentarios y sugerencias ser\u00e1n bien recibidos. PerfectVenue.es recibir\u00e1 los comentarios y sugerencias, as\u00ed como cualquier consulta, queja o reclamaci\u00f3n, a trav\u00e9s de nuestro formulario de contacto, o de la direcci\u00f3n postal o de correo electr\u00f3nico indicados en el presente Aviso Legal.<\/p>\n<p style=\"text-align: justify;\">Las quejas y reclamaciones ser\u00e1n atendidas en el plazo m\u00e1s breve posible y, en todo caso, en el plazo legalmente establecido.<\/p>\n<h3>4<a name=\"2\"><\/a>. USO DE COOKIES<\/h3>\n<p style=\"text-align: justify;\">PerfectVenue.es en calidad de prestador de servicios de esta web, declara que utiliza procedimientos autom\u00e1ticos de recogida de informaci\u00f3n para guardar el registro del Usuario que visita el Sitio Web. Pulse en el siguiente enlace para acceder a nuestra <a href=\"https:\/\/perfectvenue.es\/politica-de-cookies\/\">pol\u00edtica de uso de cookies<\/a>.<\/p>\n<h3>5<a name=\"2\"><\/a>. PROTECCION DE DATOS<\/h3>\n<p>Puede consultar nuestra pol\u00edtica sobre protecci\u00f3n de datos de car\u00e1cter personal en el siguiente apartado\u00a0<a href=\"https:\/\/perfectvenue.es\/privacy-policy\/\">pol\u00edtica de privacidad.<\/a><\/p>\n<h3>6<a name=\"2\"><\/a>. LEGISLACION APLICABLE<\/h3>\n<p style=\"text-align: justify;\">El presente Aviso Legal se regir\u00e1 por la legislaci\u00f3n espa\u00f1ola y cualquier relaci\u00f3n que surja de su aceptaci\u00f3n o se relacione con el mismo se regir\u00e1n exclusivamente por la legislaci\u00f3n espa\u00f1ola que resulte de aplicaci\u00f3n en cada momento.<\/p>\n","protected":false},"excerpt":{"rendered":"<p>En virtud del cumplimiento de la Ley 34\/2002, de 11 de Julio, de Servicios de la Sociedad de la Informaci\u00f3n y de Comercio Electr\u00f3nico, le informamos<\/p>\n","protected":false},"author":1,"featured_media":0,"parent":0,"menu_order":0,"comment_status":"closed","ping_status":"closed","template":"","meta":{"footnotes":""},"class_list":["post-35298","page","type-page","status-publish","hentry"],"_links":{"self":[{"href":"https:\/\/perfectvenue.com.mx\/es\/wp-json\/wp\/v2\/pages\/35298","targetHints":{"allow":["GET"]}}],"collection":[{"href":"https:\/\/perfectvenue.com.mx\/es\/wp-json\/wp\/v2\/pages"}],"about":[{"href":"https:\/\/perfectvenue.com.mx\/es\/wp-json\/wp\/v2\/types\/page"}],"author":[{"embeddable":true,"href":"https:\/\/perfectvenue.com.mx\/es\/wp-json\/wp\/v2\/users\/1"}],"replies":[{"embeddable":true,"href":"https:\/\/perfectvenue.com.mx\/es\/wp-json\/wp\/v2\/comments?post=35298"}],"version-history":[{"count":0,"href":"https:\/\/perfectvenue.com.mx\/es\/wp-json\/wp\/v2\/pages\/35298\/revisions"}],"wp:attachment":[{"href":"https:\/\/perfectvenue.com.mx\/es\/wp-json\/wp\/v2\/media?parent=35298"}],"curies":[{"name":"wp","href":"https:\/\/api.w.org\/{rel}","templated":true}]}}