 {"id":35292,"date":"2017-04-18T08:17:01","date_gmt":"2017-04-18T05:17:01","guid":{"rendered":"https:\/\/perfectvenue.com.mx\/preguntas-frecuentes\/"},"modified":"2017-04-18T08:17:01","modified_gmt":"2017-04-18T05:17:01","slug":"preguntas-frecuentes","status":"publish","type":"page","link":"https:\/\/perfectvenue.com.mx\/es\/preguntas-frecuentes\/","title":{"rendered":"Preguntas frecuentes"},"content":{"rendered":"<style>\n#post-11140 .entry-content {max-width:1100px;}<br \/>\n<\/style>\n<div class=\"section-wrap\">\n<h3 class=\"widget_title widget_title--frontpage\">Perfect Venue es gratis para los usuarios<\/h3>\n<p>&nbsp;<\/p>\n<div class=\"BoxImage right\" style=\"min-height: 305px; background-color: #387d04;\">\n<div class=\"ImgWrap \" style=\"background-image: url('https:\/\/perfectvenue.es\/wp-content\/uploads\/images\/Perfect-Venue-in-Spain-Natalia-Ortiz.jpg');\"><\/div>\n<div class=\"DescText\"><i class=\"fa fa-listings fa-4x\"><\/i><\/p>\n<h1 class=\"TitleFont\">\u00bfQue significa sin cargo alguno?<\/h1>\n<h3>Nosotros nunca cobramos a nuestros clientes ning\u00fan cargo extra. Nosotros invertimos nuestro tiempo haciendo m\u00e1s f\u00e1cil la b\u00fasqueda de nuestros clientes.<\/h3>\n<\/div>\n<\/div>\n<p>&nbsp;<\/p>\n<p>&nbsp;<\/p>\n<div class=\"BoxImage left\" style=\"min-height: 305px; background-color: #ccb104;\">\n<div class=\"ImgWrap \" style=\"background-image: url('https:\/\/perfectvenue.es\/wp-content\/uploads\/images\/Perfect-Venue-in-Spain-Castle-BA.jpg');\"><\/div>\n<div class=\"DescText\"><i class=\"customicon customicon-trailer fa-4x\"><\/i><\/p>\n<h1 class=\"TitleFont\">Entonces, \u00bfDe d\u00f3nde obtiene su beneficio Perfect Venue?<\/h1>\n<h3>Nuestras venues son las que nos pagan una peque\u00f1a comisi\u00f3n por cada reserva que reciben a trav\u00e9s de nuestra web<\/h3>\n<\/div>\n<\/div>\n<p>&nbsp;<\/p>\n<p>&nbsp;<\/p>\n<div class=\"BoxImage right\" style=\"min-height: 305px; background-color: #8a6e53;\">\n<div class=\"ImgWrap \" style=\"background-image: url('https:\/\/perfectvenue.es\/wp-content\/uploads\/images\/Perfect-Venue-in-Spain-Bride.jpg');\"><\/div>\n<div class=\"DescText\"><i class=\"customicon customicon-people-3 fa-4x\"><\/i><\/p>\n<h1 class=\"TitleFont\">\u00bfLas venues no cargan en el precio final la comisi\u00f3n?<\/h1>\n<h3>No, Las tarifas de los venues con los que trabajamos han sido previamente negociadas por nosotros, para que la tarifa que vais a pagar sea la misma que se encontrar\u00eda sin contar con nuestros servicios.<\/h3>\n<\/div>\n<\/div>\n<p>&nbsp;<\/p>\n<\/div>\n","protected":false},"excerpt":{"rendered":"<p>Perfect Venue es gratis para los usuarios &nbsp; \u00bfQue significa sin cargo alguno? Nosotros nunca cobramos a nuestros clientes ning\u00fan cargo extra. Nosotros invertimos nuestro tiempo haciendo m\u00e1s f\u00e1cil la b\u00fasqueda de nuestros clientes. &nbsp; &nbsp; Entonces, \u00bfDe d\u00f3nde obtiene su beneficio Perfect Venue? Nuestras venues son las que nos pagan una peque\u00f1a comisi\u00f3n por [&hellip;]<\/p>\n","protected":false},"author":1,"featured_media":0,"parent":0,"menu_order":0,"comment_status":"closed","ping_status":"closed","template":"","meta":{"footnotes":""},"class_list":["post-35292","page","type-page","status-publish","hentry"],"_links":{"self":[{"href":"https:\/\/perfectvenue.com.mx\/es\/wp-json\/wp\/v2\/pages\/35292","targetHints":{"allow":["GET"]}}],"collection":[{"href":"https:\/\/perfectvenue.com.mx\/es\/wp-json\/wp\/v2\/pages"}],"about":[{"href":"https:\/\/perfectvenue.com.mx\/es\/wp-json\/wp\/v2\/types\/page"}],"author":[{"embeddable":true,"href":"https:\/\/perfectvenue.com.mx\/es\/wp-json\/wp\/v2\/users\/1"}],"replies":[{"embeddable":true,"href":"https:\/\/perfectvenue.com.mx\/es\/wp-json\/wp\/v2\/comments?post=35292"}],"version-history":[{"count":0,"href":"https:\/\/perfectvenue.com.mx\/es\/wp-json\/wp\/v2\/pages\/35292\/revisions"}],"wp:attachment":[{"href":"https:\/\/perfectvenue.com.mx\/es\/wp-json\/wp\/v2\/media?parent=35292"}],"curies":[{"name":"wp","href":"https:\/\/api.w.org\/{rel}","templated":true}]}}